{"id":949,"date":"2023-01-11T15:47:25","date_gmt":"2023-01-11T21:47:25","guid":{"rendered":"https:\/\/ea.lcm.go.cr\/?page_id=949"},"modified":"2026-02-10T09:15:12","modified_gmt":"2026-02-10T15:15:12","slug":"historico-calibraciones-en-fuerza","status":"publish","type":"page","link":"https:\/\/ea.lcm.go.cr\/?page_id=949","title":{"rendered":"Hist\u00f3rico &#8211; Calibraciones en Fuerza"},"content":{"rendered":"\n<div class=\"wp-block-columns is-layout-flex wp-container-core-columns-layout-1 wp-block-columns-is-layout-flex\">\n<div class=\"wp-block-column is-layout-flow wp-block-column-is-layout-flow\">\n<div style=\"height:30px\" aria-hidden=\"true\" class=\"wp-block-spacer\"><\/div>\n\n\n<div class=\"wp-block-image\">\n<figure class=\"aligncenter size-full\"><img loading=\"lazy\" decoding=\"async\" width=\"150\" height=\"150\" src=\"https:\/\/ea.lcm.go.cr\/wp-content\/uploads\/2023\/01\/Fuerza1.jpg\" alt=\"\" class=\"wp-image-950\"\/><\/figure><\/div>\n\n\n<h4 class=\"wp-block-heading has-text-align-center\"><strong>DMF-001-2024<\/strong><\/h4>\n\n\n\n<h5 class=\"wp-block-heading has-text-align-center\"><strong>M\u00e1quinas de fuerza<\/strong><\/h5>\n\n\n\n<p class=\"has-text-align-center\"><a href=\"https:\/\/drive.google.com\/file\/d\/1HdS01GSBuuY_KADayBZbLMWco3k5v_0k\/view\" target=\"_blank\" rel=\"noreferrer noopener\">Protocolo<\/a><\/p>\n\n\n\n<p class=\"has-text-align-center\"><a href=\"https:\/\/drive.google.com\/file\/d\/1LjXwKKzTHzYpudT2ly37nNOj5JNDaG3S\/view\" target=\"_blank\" rel=\"noreferrer noopener\">Informe final<\/a><\/p>\n<\/div>\n\n\n\n<div class=\"wp-block-column is-layout-flow wp-block-column-is-layout-flow\">\n<div style=\"height:30px\" aria-hidden=\"true\" class=\"wp-block-spacer\"><\/div>\n\n\n<div class=\"wp-block-image\">\n<figure class=\"aligncenter size-full\"><img loading=\"lazy\" decoding=\"async\" width=\"150\" height=\"150\" src=\"https:\/\/ea.lcm.go.cr\/wp-content\/uploads\/2023\/01\/Fuerza1.jpg\" alt=\"\" class=\"wp-image-950\"\/><\/figure><\/div>\n\n\n<h4 class=\"wp-block-heading has-text-align-center\"><strong>DMF-02-2022<\/strong><\/h4>\n\n\n\n<h5 class=\"wp-block-heading has-text-align-center\"><strong>M\u00e1quinas de fuerza<\/strong><\/h5>\n\n\n\n<p class=\"has-text-align-center\"><a href=\"https:\/\/drive.google.com\/file\/d\/1QAuVNHU8SldEV-IhugQ1wOqMGEkNGUtF\/view?usp=sharing\" target=\"_blank\" rel=\"noreferrer noopener\">Protocolo<\/a><\/p>\n\n\n\n<p class=\"has-text-align-center\"><a href=\"https:\/\/drive.google.com\/file\/d\/1PcuC7YIoQfIGsriMFVB1wJkj0za4iaXt\/view?usp=sharing\" target=\"_blank\" rel=\"noreferrer noopener\">Informe final<\/a><\/p>\n<\/div>\n\n\n\n<div class=\"wp-block-column is-layout-flow wp-block-column-is-layout-flow\">\n<div style=\"height:30px\" aria-hidden=\"true\" class=\"wp-block-spacer\"><\/div>\n\n\n<div class=\"wp-block-image\">\n<figure class=\"aligncenter size-full\"><img loading=\"lazy\" decoding=\"async\" width=\"150\" height=\"150\" src=\"https:\/\/ea.lcm.go.cr\/wp-content\/uploads\/2023\/01\/Fuerza1.jpg\" alt=\"\" class=\"wp-image-950\"\/><\/figure><\/div>\n\n\n<h4 class=\"wp-block-heading has-text-align-center\"><strong>LF-01-2015<\/strong><\/h4>\n\n\n\n<h5 class=\"wp-block-heading has-text-align-center\"><strong>M\u00e1quinas de fuerza<\/strong><\/h5>\n\n\n\n<p class=\"has-text-align-center\"><a href=\"https:\/\/drive.google.com\/file\/d\/1NW7CxIAzLZJ2z116dXFv6mItF9HXY5Dr\/view?usp=sharing\" target=\"_blank\" rel=\"noreferrer noopener\">Protocolo<\/a><\/p>\n\n\n\n<p class=\"has-text-align-center\"><a href=\"https:\/\/drive.google.com\/file\/d\/1r1Lidm5piXgmeKufAPuMLk9GaWOhEWXu\/view?usp=sharing\" target=\"_blank\" rel=\"noreferrer noopener\">Informe final<\/a><\/p>\n<\/div>\n<\/div>\n\n\n\n<div style=\"height:30px\" aria-hidden=\"true\" class=\"wp-block-spacer\"><\/div>\n\n\n\n<div class=\"wp-block-buttons is-horizontal is-content-justification-right is-layout-flex wp-container-core-buttons-layout-1 wp-block-buttons-is-layout-flex\">\n<div class=\"wp-block-button is-style-primary\"><a class=\"wp-block-button__link wp-element-button\" href=\"https:\/\/ea.lcm.go.cr\/?page_id=103\">\u2b05\ufe0f Volver a Calibraciones Hist\u00f3ricas<\/a><\/div>\n<\/div>\n","protected":false},"excerpt":{"rendered":"<p>DMF-001-2024 M\u00e1quinas de fuerza Protocolo Informe final DMF-02-2022 M\u00e1quinas de fuerza Protocolo Informe final LF-01-2015 M\u00e1quinas de fuerza Protocolo Informe final<\/p>\n","protected":false},"author":2,"featured_media":0,"parent":0,"menu_order":0,"comment_status":"closed","ping_status":"closed","template":"","meta":{"neve_meta_sidebar":"full-width","neve_meta_container":"","neve_meta_enable_content_width":"on","neve_meta_content_width":100,"neve_meta_title_alignment":"","neve_meta_author_avatar":"","neve_post_elements_order":"","neve_meta_disable_header":"","neve_meta_disable_footer":"","neve_meta_disable_title":"","_ti_tpc_template_sync":false,"_ti_tpc_template_id":"","footnotes":""},"_links":{"self":[{"href":"https:\/\/ea.lcm.go.cr\/index.php?rest_route=\/wp\/v2\/pages\/949"}],"collection":[{"href":"https:\/\/ea.lcm.go.cr\/index.php?rest_route=\/wp\/v2\/pages"}],"about":[{"href":"https:\/\/ea.lcm.go.cr\/index.php?rest_route=\/wp\/v2\/types\/page"}],"author":[{"embeddable":true,"href":"https:\/\/ea.lcm.go.cr\/index.php?rest_route=\/wp\/v2\/users\/2"}],"replies":[{"embeddable":true,"href":"https:\/\/ea.lcm.go.cr\/index.php?rest_route=%2Fwp%2Fv2%2Fcomments&post=949"}],"version-history":[{"count":4,"href":"https:\/\/ea.lcm.go.cr\/index.php?rest_route=\/wp\/v2\/pages\/949\/revisions"}],"predecessor-version":[{"id":1433,"href":"https:\/\/ea.lcm.go.cr\/index.php?rest_route=\/wp\/v2\/pages\/949\/revisions\/1433"}],"wp:attachment":[{"href":"https:\/\/ea.lcm.go.cr\/index.php?rest_route=%2Fwp%2Fv2%2Fmedia&parent=949"}],"curies":[{"name":"wp","href":"https:\/\/api.w.org\/{rel}","templated":true}]}}