{"id":1329,"date":"2025-06-05T13:35:13","date_gmt":"2025-06-05T19:35:13","guid":{"rendered":"https:\/\/ea.lcm.go.cr\/?page_id=1329"},"modified":"2025-10-07T15:15:59","modified_gmt":"2025-10-07T21:15:59","slug":"dmf-004-2025-calibracion-de-instrumentos-de-fuerza","status":"publish","type":"page","link":"https:\/\/ea.lcm.go.cr\/?page_id=1329","title":{"rendered":"DMF-005-2025: Calibraci\u00f3n de instrumentos de fuerza"},"content":{"rendered":"\n<div class=\"wp-block-buttons is-layout-flex wp-block-buttons-is-layout-flex\">\n<div class=\"wp-block-button is-style-primary\"><a class=\"wp-block-button__link wp-element-button\" href=\"?page_id=125\">\u2b05\ufe0f Volver a Calibraciones en Curso<\/a><\/div>\n<\/div>\n\n\n\n<div style=\"height:35px\" aria-hidden=\"true\" class=\"wp-block-spacer\"><\/div>\n\n\n\n<p>A continuaci\u00f3n podr\u00e1 encontrar y descargar los documentos relacionadas con el ensayo de aptitud DMF-004-2025<\/p>\n\n\n\n<ul>\n<li><a href=\"https:\/\/drive.google.com\/file\/d\/18c25e5V-aX5lk3WvSUh77XHDdnrrxXKp\/view?usp=sharing\" target=\"_blank\" rel=\"noreferrer noopener\">GS-EM-FM-03 Carta de Invitaci\u00f3n<\/a><\/li>\n\n\n\n<li><a href=\"https:\/\/drive.google.com\/file\/d\/1Uoli_oFQwCQU3-RkO_UadbsEUss7L_Mi\/view?usp=sharing\" target=\"_blank\" rel=\"noreferrer noopener\">GS-EM-FM-04 Protocolo del ensayo de aptitud (Junio 2025)<\/a><\/li>\n\n\n\n<li><a href=\"https:\/\/drive.google.com\/uc?id=10M320RyXKmxvJNyELKhPHRdycenCcZVX&amp;export=download&amp;authuser=0\" target=\"_blank\" rel=\"noreferrer noopener\">Anexos para el reporte de resultados<\/a><\/li>\n<\/ul>\n\n\n\n<div style=\"height:20px\" aria-hidden=\"true\" class=\"wp-block-spacer\"><\/div>\n\n\n\n<p>A continuaci\u00f3n podr\u00e1 encontrar el cronograma del presente ensayo de aptitud:<\/p>\n\n\n\n<div style=\"overflow-x: scroll;\">\n<p><iframe loading=\"lazy\" src=\"https:\/\/docs.google.com\/spreadsheets\/d\/e\/2PACX-1vT87GR1yY54yq780oAfunjZ_GD4qrLVXbk76ea3j7shmbdPJ2ZInVTWhdU0WasYF_dbPwSVlkf1t2Sz\/pubhtml?widget=true&amp;headers=false&amp;single=false&amp;chrome=false&amp;gid=78153445\" width=\"665\" height=\"620\" frameborder=\"0\"><\/iframe><\/p>\n<\/div>\n","protected":false},"excerpt":{"rendered":"<p>A continuaci\u00f3n podr\u00e1 encontrar y descargar los documentos relacionadas con el ensayo de aptitud DMF-004-2025 A continuaci\u00f3n podr\u00e1 encontrar el cronograma del presente ensayo de aptitud:<\/p>\n","protected":false},"author":2,"featured_media":0,"parent":0,"menu_order":0,"comment_status":"closed","ping_status":"closed","template":"","meta":{"neve_meta_sidebar":"full-width","neve_meta_container":"","neve_meta_enable_content_width":"on","neve_meta_content_width":100,"neve_meta_title_alignment":"","neve_meta_author_avatar":"","neve_post_elements_order":"","neve_meta_disable_header":"","neve_meta_disable_footer":"","neve_meta_disable_title":"","_ti_tpc_template_sync":false,"_ti_tpc_template_id":"","footnotes":""},"_links":{"self":[{"href":"https:\/\/ea.lcm.go.cr\/index.php?rest_route=\/wp\/v2\/pages\/1329"}],"collection":[{"href":"https:\/\/ea.lcm.go.cr\/index.php?rest_route=\/wp\/v2\/pages"}],"about":[{"href":"https:\/\/ea.lcm.go.cr\/index.php?rest_route=\/wp\/v2\/types\/page"}],"author":[{"embeddable":true,"href":"https:\/\/ea.lcm.go.cr\/index.php?rest_route=\/wp\/v2\/users\/2"}],"replies":[{"embeddable":true,"href":"https:\/\/ea.lcm.go.cr\/index.php?rest_route=%2Fwp%2Fv2%2Fcomments&post=1329"}],"version-history":[{"count":3,"href":"https:\/\/ea.lcm.go.cr\/index.php?rest_route=\/wp\/v2\/pages\/1329\/revisions"}],"predecessor-version":[{"id":1397,"href":"https:\/\/ea.lcm.go.cr\/index.php?rest_route=\/wp\/v2\/pages\/1329\/revisions\/1397"}],"wp:attachment":[{"href":"https:\/\/ea.lcm.go.cr\/index.php?rest_route=%2Fwp%2Fv2%2Fmedia&parent=1329"}],"curies":[{"name":"wp","href":"https:\/\/api.w.org\/{rel}","templated":true}]}}