{"id":1024,"date":"2023-04-17T00:47:27","date_gmt":"2023-04-17T06:47:27","guid":{"rendered":"https:\/\/ea.lcm.go.cr\/?page_id=1024"},"modified":"2024-01-15T10:24:20","modified_gmt":"2024-01-15T16:24:20","slug":"historico-calibraciones-en-fotometria-y-radiometria","status":"publish","type":"page","link":"https:\/\/ea.lcm.go.cr\/?page_id=1024","title":{"rendered":"Hist\u00f3rico &#8211; Calibraciones en Fotometr\u00eda y Radiometr\u00eda"},"content":{"rendered":"\n<div class=\"wp-block-columns is-layout-flex wp-container-core-columns-layout-1 wp-block-columns-is-layout-flex\">\n<div class=\"wp-block-column is-layout-flow wp-block-column-is-layout-flow\">\n<div style=\"height:30px\" aria-hidden=\"true\" class=\"wp-block-spacer\"><\/div>\n\n\n<div class=\"wp-block-image\">\n<figure class=\"aligncenter size-full\"><img loading=\"lazy\" decoding=\"async\" width=\"150\" height=\"151\" src=\"https:\/\/ea.lcm.go.cr\/wp-content\/uploads\/2023\/04\/Fibra1.jpg\" alt=\"\" class=\"wp-image-1025\"\/><\/figure><\/div>\n\n\n<h4 class=\"wp-block-heading has-text-align-center\"><strong>2023<\/strong><\/h4>\n\n\n\n<h5 class=\"wp-block-heading has-text-align-center\"><strong>Atenuaci\u00f3n en fibra \u00f3ptica<\/strong><\/h5>\n\n\n\n<p class=\"has-text-align-center\"><a href=\"https:\/\/drive.google.com\/file\/d\/19N2fEGDHmb3t47Td3GY6A5-J3rqqCA3f\/view?usp=sharing\" target=\"_blank\" rel=\"noreferrer noopener\">Protocolo<\/a><\/p>\n\n\n\n<p class=\"has-text-align-center\"><a href=\"https:\/\/drive.google.com\/file\/d\/1l90z-XR0wWi0JweDVLnj3SRgB8DDZwA2\/view?usp=sharing\" target=\"_blank\" rel=\"noreferrer noopener\">Informe final<\/a><\/p>\n<\/div>\n\n\n\n<div class=\"wp-block-column is-layout-flow wp-block-column-is-layout-flow\">\n<div style=\"height:30px\" aria-hidden=\"true\" class=\"wp-block-spacer\"><\/div>\n\n\n<div class=\"wp-block-image\">\n<figure class=\"aligncenter size-full\"><img loading=\"lazy\" decoding=\"async\" width=\"150\" height=\"151\" src=\"https:\/\/ea.lcm.go.cr\/wp-content\/uploads\/2023\/04\/Fibra1.jpg\" alt=\"\" class=\"wp-image-1025\"\/><\/figure><\/div>\n\n\n<h4 class=\"wp-block-heading has-text-align-center\"><strong>2017<\/strong><\/h4>\n\n\n\n<h5 class=\"wp-block-heading has-text-align-center\"><strong>Atenuaci\u00f3n en fibra \u00f3ptica<\/strong><\/h5>\n\n\n\n<p class=\"has-text-align-center\"><a href=\"https:\/\/drive.google.com\/file\/d\/1dDO45vw4PNAEHf8naPGJiPrXCMDa3w3h\/view?usp=sharing\" target=\"_blank\" rel=\"noreferrer noopener\">Protocolo<\/a><\/p>\n\n\n\n<p class=\"has-text-align-center\"><a href=\"https:\/\/drive.google.com\/file\/d\/1wFw7t8-eA2zRCMO95wUmm40jL18PaJ6r\/view?usp=sharing\" target=\"_blank\" rel=\"noreferrer noopener\">Informe final<\/a><\/p>\n<\/div>\n\n\n\n<div class=\"wp-block-column is-layout-flow wp-block-column-is-layout-flow\">\n<div style=\"height:30px\" aria-hidden=\"true\" class=\"wp-block-spacer\"><\/div>\n<\/div>\n<\/div>\n\n\n\n<div style=\"height:30px\" aria-hidden=\"true\" class=\"wp-block-spacer\"><\/div>\n\n\n\n<div class=\"wp-block-buttons is-horizontal is-content-justification-right is-layout-flex wp-container-core-buttons-layout-1 wp-block-buttons-is-layout-flex\">\n<div class=\"wp-block-button is-style-primary\"><a class=\"wp-block-button__link wp-element-button\" href=\"https:\/\/ea.lcm.go.cr\/?page_id=103\">\u2b05\ufe0f Volver a Calibraciones Hist\u00f3ricas<\/a><\/div>\n<\/div>\n","protected":false},"excerpt":{"rendered":"<p>2023 Atenuaci\u00f3n en fibra \u00f3ptica Protocolo Informe final 2017 Atenuaci\u00f3n en fibra \u00f3ptica Protocolo Informe final<\/p>\n","protected":false},"author":2,"featured_media":0,"parent":0,"menu_order":0,"comment_status":"closed","ping_status":"closed","template":"","meta":{"neve_meta_sidebar":"full-width","neve_meta_container":"","neve_meta_enable_content_width":"on","neve_meta_content_width":100,"neve_meta_title_alignment":"","neve_meta_author_avatar":"","neve_post_elements_order":"","neve_meta_disable_header":"","neve_meta_disable_footer":"","neve_meta_disable_title":"","_ti_tpc_template_sync":false,"_ti_tpc_template_id":"","footnotes":""},"_links":{"self":[{"href":"https:\/\/ea.lcm.go.cr\/index.php?rest_route=\/wp\/v2\/pages\/1024"}],"collection":[{"href":"https:\/\/ea.lcm.go.cr\/index.php?rest_route=\/wp\/v2\/pages"}],"about":[{"href":"https:\/\/ea.lcm.go.cr\/index.php?rest_route=\/wp\/v2\/types\/page"}],"author":[{"embeddable":true,"href":"https:\/\/ea.lcm.go.cr\/index.php?rest_route=\/wp\/v2\/users\/2"}],"replies":[{"embeddable":true,"href":"https:\/\/ea.lcm.go.cr\/index.php?rest_route=%2Fwp%2Fv2%2Fcomments&post=1024"}],"version-history":[{"count":5,"href":"https:\/\/ea.lcm.go.cr\/index.php?rest_route=\/wp\/v2\/pages\/1024\/revisions"}],"predecessor-version":[{"id":1152,"href":"https:\/\/ea.lcm.go.cr\/index.php?rest_route=\/wp\/v2\/pages\/1024\/revisions\/1152"}],"wp:attachment":[{"href":"https:\/\/ea.lcm.go.cr\/index.php?rest_route=%2Fwp%2Fv2%2Fmedia&parent=1024"}],"curies":[{"name":"wp","href":"https:\/\/api.w.org\/{rel}","templated":true}]}}